{"id":47,"date":"2017-10-14T09:08:45","date_gmt":"2017-10-14T09:08:45","guid":{"rendered":"https:\/\/smartdata.tonytemplates.com\/driving-school\/?page_id=47"},"modified":"2026-02-22T10:43:49","modified_gmt":"2026-02-22T10:43:49","slug":"frequently-asked-questions","status":"publish","type":"page","link":"https:\/\/fahrschule-raede.de\/?page_id=47","title":{"rendered":"Frequently Asked Questions"},"content":{"rendered":"\t\t<div data-elementor-type=\"wp-page\" data-elementor-id=\"47\" class=\"elementor elementor-47\">\n\t\t\t\t\t\t<section class=\"elementor-section elementor-top-section elementor-element elementor-element-1522de8 elementor-section-stretched elementor-section-full_width elementor-section-height-default elementor-section-height-default\" data-id=\"1522de8\" data-element_type=\"section\" data-settings=\"{&quot;stretch_section&quot;:&quot;section-stretched&quot;}\">\n\t\t\t\t\t\t<div class=\"elementor-container elementor-column-gap-no\">\n\t\t\t\t\t<div class=\"elementor-column elementor-col-100 elementor-top-column elementor-element elementor-element-d3dc1e9\" data-id=\"d3dc1e9\" data-element_type=\"column\">\n\t\t\t<div class=\"elementor-widget-wrap elementor-element-populated\">\n\t\t\t\t\t\t<div class=\"elementor-element elementor-element-eb8cc92 elementor-widget elementor-widget-driving_toggle\" data-id=\"eb8cc92\" data-element_type=\"widget\" data-widget_type=\"driving_toggle.default\">\n\t\t\t\t<div class=\"elementor-widget-container\">\n\t\t\t\t\t\n\n\n\n\t\t<!-- New Design -->\n\t\t\t<div class=\"container\">\n\t\t\t\t<h1 class=\"tt-title-lg text-center title-sub-page content_typography\">Frequently Asked Questions<\/h1>\n\t\t\t\t<div class=\"text-center text-md \">Hier finden Sie eine Liste vollst\u00e4ndiger und sehr praktischer Antworten. \nVergessen Sie nicht, unsere Experten sind am besten in der Lage, Ihre Fragen zu beantworten.<\/div>\n\t\t\t\t<!-- tt-accordion-box -->\n\t\t\t\t<div class=\"tt-accordion-box\">\n\t\t\t\t\t\t\t\t\t<div class=\"item no\">\n\t\t\t\t\t\t<div class=\"tt-title\">\n\t\t\t\t\t\t\u00d6ffnungszeiten & Theoriezeiten\t\t\t\t\t\t<\/div>\n\t\t\t\t\t\t<div class=\"tt-content\">\n\t\t\t\t\t\tB\u00fcro \u00d6ffnung Br\u00fcck: <br>\nMontag-Donnerstags: 17-19 Uhr<br>\n\n\nTheoriezeiten:\nBr\u00fcck:\nMontag &amp; Mittwochs: 19:00-20:30 Uhr\t\t\t\t\t\t<\/div>\n\t\t\t\t\t<\/div>\n\t\t\t\t\t\t\t\t\t\t<div class=\"item no\">\n\t\t\t\t\t\t<div class=\"tt-title\">\n\t\t\t\t\t\tWie viele Fahrstunden sind \u00fcblich?\t\t\t\t\t\t<\/div>\n\t\t\t\t\t\t<div class=\"tt-content\">\n\t\t\t\t\t\tJeder Mensch erlernt Handlungsabl\u00e4ufe die f\u00fcr die Fahrausbildung wichtig sind individuell. Demnach gibt es keine rechtlichen Vorgaben \u00fcber die \u00dcbungsstunden. Der Gesetzgeber sieht mindestens f\u00fcnf \u00dcberlandfahrten, vier Autobahnfahrten und drei Beleuchtungsfahrten vor.\t\t\t\t\t\t<\/div>\n\t\t\t\t\t<\/div>\n\t\t\t\t\t\t\t\t\t\t<div class=\"item no\">\n\t\t\t\t\t\t<div class=\"tt-title\">\n\t\t\t\t\t\tWie viele Fahrstunden erhalte ich in der Woche?\t\t\t\t\t\t<\/div>\n\t\t\t\t\t\t<div class=\"tt-content\">\n\t\t\t\t\t\tWir geben unser bestes die Fahrsch\u00fcler gleichm\u00e4\u00dfig zu verteilen und so wenig Zeit zur vorigen Stunde entstehen zu lassen.\t\t\t\t\t\t<\/div>\n\t\t\t\t\t<\/div>\n\t\t\t\t\t\t\t\t\t\t<div class=\"item no\">\n\t\t\t\t\t\t<div class=\"tt-title\">\n\t\t\t\t\t\tIst Nervosit\u00e4t oder Angst normal?\t\t\t\t\t\t<\/div>\n\t\t\t\t\t\t<div class=\"tt-content\">\n\t\t\t\t\t\tJa, es gibt Fahrsch\u00fcler die anfangs z\u00f6gerlich und unsicher sind. Mit dem Simulator wird die Unsicherheit dem Sch\u00fcler genommen. Dadurch steigen die Sch\u00fcler selbstbewusster und motivierter ins Fahrschulauto.\n\t\t\t\t\t\t<\/div>\n\t\t\t\t\t<\/div>\n\t\t\t\t\t\t\t\t\t<\/div>\n\t\t\t\t<!-- \/tt-accordion-box -->\n\t\t\t<\/div>\n\t\t<!-- New Design -->\n\t\t\t\t\t<\/div>\n\t\t\t\t<\/div>\n\t\t\t\t\t<\/div>\n\t\t<\/div>\n\t\t\t\t\t<\/div>\n\t\t<\/section>\n\t\t\t\t<\/div>\n\t\t","protected":false},"excerpt":{"rendered":"<p>Frequently Asked Questions Hier finden Sie eine Liste vollst\u00e4ndiger und sehr praktischer Antworten. Vergessen Sie nicht, unsere Experten sind am besten in der Lage, Ihre Fragen zu beantworten. \u00d6ffnungszeiten &#038; Theoriezeiten B\u00fcro \u00d6ffnung Br\u00fcck: Montag-Donnerstags: 17-19 Uhr Theoriezeiten: Br\u00fcck: Montag &amp; Mittwochs: 19:00-20:30 Uhr Wie viele Fahrstunden sind \u00fcblich? Jeder Mensch erlernt Handlungsabl\u00e4ufe die f\u00fcr [&hellip;]<\/p>\n","protected":false},"author":3,"featured_media":0,"parent":0,"menu_order":0,"comment_status":"closed","ping_status":"closed","template":"","meta":{"footnotes":""},"yoast_head":"<!-- This site is optimized with the Yoast SEO plugin v22.6 - https:\/\/yoast.com\/wordpress\/plugins\/seo\/ -->\n<title>Frequently Asked Questions - Fahrschule R\u00e4de<\/title>\n<meta name=\"robots\" content=\"index, follow, max-snippet:-1, max-image-preview:large, max-video-preview:-1\" \/>\n<link rel=\"canonical\" href=\"https:\/\/fahrschule-raede.de\/?page_id=47\" \/>\n<meta property=\"og:locale\" content=\"de_DE\" \/>\n<meta property=\"og:type\" content=\"article\" \/>\n<meta property=\"og:title\" content=\"Frequently Asked Questions - Fahrschule R\u00e4de\" \/>\n<meta property=\"og:description\" content=\"Frequently Asked Questions Hier finden Sie eine Liste vollst\u00e4ndiger und sehr praktischer Antworten. Vergessen Sie nicht, unsere Experten sind am besten in der Lage, Ihre Fragen zu beantworten. \u00d6ffnungszeiten &#038; Theoriezeiten B\u00fcro \u00d6ffnung Br\u00fcck: Montag-Donnerstags: 17-19 Uhr Theoriezeiten: Br\u00fcck: Montag &amp; Mittwochs: 19:00-20:30 Uhr Wie viele Fahrstunden sind \u00fcblich? Jeder Mensch erlernt Handlungsabl\u00e4ufe die f\u00fcr [&hellip;]\" \/>\n<meta property=\"og:url\" content=\"https:\/\/fahrschule-raede.de\/?page_id=47\" \/>\n<meta property=\"og:site_name\" content=\"Fahrschule R\u00e4de\" \/>\n<meta property=\"article:modified_time\" content=\"2026-02-22T10:43:49+00:00\" \/>\n<meta name=\"twitter:card\" content=\"summary_large_image\" \/>\n<meta name=\"twitter:label1\" content=\"Gesch\u00e4tzte Lesezeit\" \/>\n\t<meta name=\"twitter:data1\" content=\"1\u00a0Minute\" \/>\n<script type=\"application\/ld+json\" class=\"yoast-schema-graph\">{\"@context\":\"https:\/\/schema.org\",\"@graph\":[{\"@type\":\"WebPage\",\"@id\":\"https:\/\/fahrschule-raede.de\/?page_id=47\",\"url\":\"https:\/\/fahrschule-raede.de\/?page_id=47\",\"name\":\"Frequently Asked Questions - Fahrschule R\u00e4de\",\"isPartOf\":{\"@id\":\"https:\/\/fahrschule-raede.de\/#website\"},\"datePublished\":\"2017-10-14T09:08:45+00:00\",\"dateModified\":\"2026-02-22T10:43:49+00:00\",\"breadcrumb\":{\"@id\":\"https:\/\/fahrschule-raede.de\/?page_id=47#breadcrumb\"},\"inLanguage\":\"de\",\"potentialAction\":[{\"@type\":\"ReadAction\",\"target\":[\"https:\/\/fahrschule-raede.de\/?page_id=47\"]}]},{\"@type\":\"BreadcrumbList\",\"@id\":\"https:\/\/fahrschule-raede.de\/?page_id=47#breadcrumb\",\"itemListElement\":[{\"@type\":\"ListItem\",\"position\":1,\"name\":\"Home\",\"item\":\"https:\/\/fahrschule-raede.de\/\"},{\"@type\":\"ListItem\",\"position\":2,\"name\":\"Frequently Asked Questions\"}]},{\"@type\":\"WebSite\",\"@id\":\"https:\/\/fahrschule-raede.de\/#website\",\"url\":\"https:\/\/fahrschule-raede.de\/\",\"name\":\"Fahrschule R\u00e4de\",\"description\":\"Just another WordPress site\",\"potentialAction\":[{\"@type\":\"SearchAction\",\"target\":{\"@type\":\"EntryPoint\",\"urlTemplate\":\"https:\/\/fahrschule-raede.de\/?s={search_term_string}\"},\"query-input\":\"required name=search_term_string\"}],\"inLanguage\":\"de\"}]}<\/script>\n<!-- \/ Yoast SEO plugin. -->","yoast_head_json":{"title":"Frequently Asked Questions - Fahrschule R\u00e4de","robots":{"index":"index","follow":"follow","max-snippet":"max-snippet:-1","max-image-preview":"max-image-preview:large","max-video-preview":"max-video-preview:-1"},"canonical":"https:\/\/fahrschule-raede.de\/?page_id=47","og_locale":"de_DE","og_type":"article","og_title":"Frequently Asked Questions - Fahrschule R\u00e4de","og_description":"Frequently Asked Questions Hier finden Sie eine Liste vollst\u00e4ndiger und sehr praktischer Antworten. Vergessen Sie nicht, unsere Experten sind am besten in der Lage, Ihre Fragen zu beantworten. \u00d6ffnungszeiten &#038; Theoriezeiten B\u00fcro \u00d6ffnung Br\u00fcck: Montag-Donnerstags: 17-19 Uhr Theoriezeiten: Br\u00fcck: Montag &amp; Mittwochs: 19:00-20:30 Uhr Wie viele Fahrstunden sind \u00fcblich? Jeder Mensch erlernt Handlungsabl\u00e4ufe die f\u00fcr [&hellip;]","og_url":"https:\/\/fahrschule-raede.de\/?page_id=47","og_site_name":"Fahrschule R\u00e4de","article_modified_time":"2026-02-22T10:43:49+00:00","twitter_card":"summary_large_image","twitter_misc":{"Gesch\u00e4tzte Lesezeit":"1\u00a0Minute"},"schema":{"@context":"https:\/\/schema.org","@graph":[{"@type":"WebPage","@id":"https:\/\/fahrschule-raede.de\/?page_id=47","url":"https:\/\/fahrschule-raede.de\/?page_id=47","name":"Frequently Asked Questions - Fahrschule R\u00e4de","isPartOf":{"@id":"https:\/\/fahrschule-raede.de\/#website"},"datePublished":"2017-10-14T09:08:45+00:00","dateModified":"2026-02-22T10:43:49+00:00","breadcrumb":{"@id":"https:\/\/fahrschule-raede.de\/?page_id=47#breadcrumb"},"inLanguage":"de","potentialAction":[{"@type":"ReadAction","target":["https:\/\/fahrschule-raede.de\/?page_id=47"]}]},{"@type":"BreadcrumbList","@id":"https:\/\/fahrschule-raede.de\/?page_id=47#breadcrumb","itemListElement":[{"@type":"ListItem","position":1,"name":"Home","item":"https:\/\/fahrschule-raede.de\/"},{"@type":"ListItem","position":2,"name":"Frequently Asked Questions"}]},{"@type":"WebSite","@id":"https:\/\/fahrschule-raede.de\/#website","url":"https:\/\/fahrschule-raede.de\/","name":"Fahrschule R\u00e4de","description":"Just another WordPress site","potentialAction":[{"@type":"SearchAction","target":{"@type":"EntryPoint","urlTemplate":"https:\/\/fahrschule-raede.de\/?s={search_term_string}"},"query-input":"required name=search_term_string"}],"inLanguage":"de"}]}},"_links":{"self":[{"href":"https:\/\/fahrschule-raede.de\/index.php?rest_route=\/wp\/v2\/pages\/47"}],"collection":[{"href":"https:\/\/fahrschule-raede.de\/index.php?rest_route=\/wp\/v2\/pages"}],"about":[{"href":"https:\/\/fahrschule-raede.de\/index.php?rest_route=\/wp\/v2\/types\/page"}],"author":[{"embeddable":true,"href":"https:\/\/fahrschule-raede.de\/index.php?rest_route=\/wp\/v2\/users\/3"}],"replies":[{"embeddable":true,"href":"https:\/\/fahrschule-raede.de\/index.php?rest_route=%2Fwp%2Fv2%2Fcomments&post=47"}],"version-history":[{"count":26,"href":"https:\/\/fahrschule-raede.de\/index.php?rest_route=\/wp\/v2\/pages\/47\/revisions"}],"predecessor-version":[{"id":2434,"href":"https:\/\/fahrschule-raede.de\/index.php?rest_route=\/wp\/v2\/pages\/47\/revisions\/2434"}],"wp:attachment":[{"href":"https:\/\/fahrschule-raede.de\/index.php?rest_route=%2Fwp%2Fv2%2Fmedia&parent=47"}],"curies":[{"name":"wp","href":"https:\/\/api.w.org\/{rel}","templated":true}]}}