{"id":51,"date":"2017-10-14T09:10:21","date_gmt":"2017-10-14T09:10:21","guid":{"rendered":"https:\/\/smartdata.tonytemplates.com\/driving-school\/?page_id=51"},"modified":"2020-07-31T06:10:33","modified_gmt":"2020-07-31T06:10:33","slug":"testimonials","status":"publish","type":"page","link":"https:\/\/fahrschule-raede.de\/?page_id=51","title":{"rendered":"Testimonials"},"content":{"rendered":"\t\t<div data-elementor-type=\"wp-page\" data-elementor-id=\"51\" class=\"elementor elementor-51\">\n\t\t\t\t\t\t<section class=\"elementor-section elementor-top-section elementor-element elementor-element-8262822 elementor-section-stretched elementor-section-full_width elementor-section-height-default elementor-section-height-default\" data-id=\"8262822\" data-element_type=\"section\" data-settings=\"{&quot;stretch_section&quot;:&quot;section-stretched&quot;}\">\n\t\t\t\t\t\t<div class=\"elementor-container elementor-column-gap-no\">\n\t\t\t\t\t<div class=\"elementor-column elementor-col-100 elementor-top-column elementor-element elementor-element-c8160ee\" data-id=\"c8160ee\" data-element_type=\"column\">\n\t\t\t<div class=\"elementor-widget-wrap elementor-element-populated\">\n\t\t\t\t\t\t<div class=\"elementor-element elementor-element-0ad1cd9 elementor-widget elementor-widget-driving_school_testimonials\" data-id=\"0ad1cd9\" data-element_type=\"widget\" data-widget_type=\"driving_school_testimonials.default\">\n\t\t\t\t<div class=\"elementor-widget-container\">\n\t\t\t\t\t\t\t<!-- Without Carousal Slider -->\n\t\t\t\t<div class=\"container\">\n\t\t\t\t<h1 class=\"tt-title-lg text-center title-sub-page content_typography_title\">Das sagen unsere Fahrsch\u00fcler...<\/h1>\n\t\t\t\t<div class=\"text-center text-md max-width75\">Lese ein paar Kommentare unserer Fahrsch\u00fcler um dich selber zu \u00fcberzeugen!<\/div>\n\t\t\t\t<!-- Without Carousal Slider -->\n\t\t\t\t<div class=\"testimonials-listing\">\n\t\t\t\t\t\t\t\t\t<div class=\"item\">\n\t\t\t\t\t\t\t\t\t\t<a class=\"\n\t\t\ttestimonials-box-02\t\t\t\t\t\t\t\t\t\t\" >\n\t\t\t\t\t\t\t\t\t\t\t\t<div class=\"tt-icon\">\n\t\t\t\t\t\t\t\t\t\t<div class=\"tt-bg\"><\/div>\n\t\t\t\t\t\t\t\t\t<\/div>\n\t\t\t\t\t\t\t\t\t\t\t<div class=\"rating rating-5\">\n\t\t\t<i class=\"icon-star-black-fivepointed-shape\"><\/i><i class=\"icon-star-black-fivepointed-shape\"><\/i><i class=\"icon-star-black-fivepointed-shape\"><\/i><i class=\"icon-star-black-fivepointed-shape\"><\/i><i class=\"icon-star-black-fivepointed-shape\"><\/i>\t\t\t\t\t\t\t\t<\/div>\n\t\t\t\t\t\t\t\t<p>In der Fahrschule R\u00e4de habe ich pers\u00f6nlich meinen F\u00fchrerschein mit bravour bestanden. Durch die M\u00f6glichkeit im Theorieunterricht Fragen zu stellen konnten sich viele Probleme von alleine L\u00f6sen. Durch eine Top Vorbereitung habe ich sowohl meine Theoretische als auch meine praktischen Pr\u00fcfung mit 0 Fehlerpunkten ohne m\u00e4ngel bestanden. F\u00fcr alle die in der Umgebung der Fahrschule R\u00e4de wohnen ist es eine absolute Empfehlung. <\/p>\n\t\t\t\t\t\t\t\t\t\t\t\t<p>\n\t\t\t\t\t\t\t\t\t\t<span class=\"author\"> - <span class=\"content_typography\">Florian G.<\/span> <\/span>\n\t\t\t\t\t\t\t\t\t<\/p>\n\t\t\t\t\t\t\t\t\t\t<\/a>\n\t\t\t\t\t\t\t\t<\/div>\n\t\t\t\t\t\t\t\t<div class=\"item\">\n\t\t\t\t\t\t\t\t\t\t<a class=\"\n\t\t\ttestimonials-box-02\t\t\t\t\t\t\t\t\t\t\" >\n\t\t\t\t\t\t\t\t\t\t\t\t<div class=\"tt-icon\">\n\t\t\t\t\t\t\t\t\t\t<div class=\"tt-bg\"><\/div>\n\t\t\t\t\t\t\t\t\t<\/div>\n\t\t\t\t\t\t\t\t\t\t\t<div class=\"rating rating-5\">\n\t\t\t<i class=\"icon-star-black-fivepointed-shape\"><\/i><i class=\"icon-star-black-fivepointed-shape\"><\/i><i class=\"icon-star-black-fivepointed-shape\"><\/i><i class=\"icon-star-black-fivepointed-shape\"><\/i><i class=\"icon-star-black-fivepointed-shape\"><\/i>\t\t\t\t\t\t\t\t<\/div>\n\t\t\t\t\t\t\t\t<p>\n\n\nDie Anmeldung geht leicht von statten und die Mitarbeiter am Empfang erl\u00e4utern alles zu aufkommenden Fragen und dem Ablauf . \n\n \nDer Unterricht ist nie eint\u00f6nig. Die Fahrlehrerin und Der Fahrlehrer sorgen daf\u00fcr das man mit Witz und Spa\u00df auf die Theoretische Pr\u00fcfung vorbereitet wird . Alle Fragen werden souver\u00e4n und solange bis man es verstanden Hat beantwortet. Keine Fragen bleiben offen. \n\nDer Perfekte Ausgleich dazu ist die App, welche man bei der Anmeldung mit erwerben kann . \n\n\nEinmal die Theoretische Pr\u00fcfung Bestanden, geht es ans Fahren . \nIch muss sagen ich habe mir das genau so vorgestellt . Man steigt in das Auto ein und f\u00fchlt sich wohl .Beide Fahrlehrer, Herr wie Frau R\u00e4de, sind absolut spitze . Sie legen eine Ruhe und Gelassenheit an den Tag wie ich es pers\u00f6nlich noch nicht gesehen haben. Auch nach dem ich zum wiederholten Male den selben Fehler gemacht habe ist von Stress oder schlechter Laune absolut keine Spur. (Respekt) Hier wird solange erkl\u00e4rt bis man es versteht. \nAlle Fragen die bei der Fahrt aufkommen werden beantwortet . \n\nIch w\u00fcrde mich immer wieder f\u00fcr diese Fahrschule Entscheiden und gebe ihr deswegen 5 von M\u00f6glichen 5 Sternen.<\/p>\n\t\t\t\t\t\t\t\t\t\t\t\t<p>\n\t\t\t\t\t\t\t\t\t\t<span class=\"author\"> - <span class=\"content_typography\">Francecso  K.<\/span> <\/span>\n\t\t\t\t\t\t\t\t\t<\/p>\n\t\t\t\t\t\t\t\t\t\t<\/a>\n\t\t\t\t\t\t\t\t<\/div>\n\t\t\t\t\t\t\t\t<div class=\"item\">\n\t\t\t\t\t\t\t\t\t\t<a class=\"\n\t\t\ttestimonials-box-02\t\t\t\t\t\t\t\t\t\t\" >\n\t\t\t\t\t\t\t\t\t\t\t\t<div class=\"tt-icon\">\n\t\t\t\t\t\t\t\t\t\t<div class=\"tt-bg\"><\/div>\n\t\t\t\t\t\t\t\t\t<\/div>\n\t\t\t\t\t\t\t\t\t\t\t<div class=\"rating rating-5\">\n\t\t\t<i class=\"icon-star-black-fivepointed-shape\"><\/i><i class=\"icon-star-black-fivepointed-shape\"><\/i><i class=\"icon-star-black-fivepointed-shape\"><\/i><i class=\"icon-star-black-fivepointed-shape\"><\/i><i class=\"icon-star-black-fivepointed-shape\"><\/i>\t\t\t\t\t\t\t\t<\/div>\n\t\t\t\t\t\t\t\t<p>Habe mich ab dem 1. Moment sehr wohl in der Fahrschule gef\u00fchlt. Ich wurde super freundlich empfangen und informiert. Egal wie viele Fragen man in der Theorie hatte, sie wurden immer ernst genommen und beantwortet. Da ich gro\u00dfe Angst vorm Auto fahren hatte, war ich sehr froh und dankbar eine Fahrlehrerin wie Steffi an meiner Seite zu haben. Mit ihrer ruhigen und gelassenen Art ist sie immer auf meine W\u00fcnsche und \u00c4ngste eingegangen und hat diese auch mit mir \u00fcberwunden. Ich w\u00fcrde die Fahrschule jederzeit weiterempfehlen.<\/p>\n\t\t\t\t\t\t\t\t\t\t\t\t<p>\n\t\t\t\t\t\t\t\t\t\t<span class=\"author\"> - <span class=\"content_typography\">Nadine B.<\/span> <\/span>\n\t\t\t\t\t\t\t\t\t<\/p>\n\t\t\t\t\t\t\t\t\t\t<\/a>\n\t\t\t\t\t\t\t\t<\/div>\n\t\t\t\t\t\t\t\t<div class=\"item\">\n\t\t\t\t\t\t\t\t\t\t<a class=\"\n\t\t\ttestimonials-box-02\t\t\t\t\t\t\t\t\t\t\" >\n\t\t\t\t\t\t\t\t\t\t\t\t<div class=\"tt-icon\">\n\t\t\t\t\t\t\t\t\t\t<div class=\"tt-bg\"><\/div>\n\t\t\t\t\t\t\t\t\t<\/div>\n\t\t\t\t\t\t\t\t\t\t\t<div class=\"rating rating-5\">\n\t\t\t<i class=\"icon-star-black-fivepointed-shape\"><\/i><i class=\"icon-star-black-fivepointed-shape\"><\/i><i class=\"icon-star-black-fivepointed-shape\"><\/i><i class=\"icon-star-black-fivepointed-shape\"><\/i><i class=\"icon-star-black-fivepointed-shape\"><\/i>\t\t\t\t\t\t\t\t<\/div>\n\t\t\t\t\t\t\t\t<p>Von der Theorie und Praxis bis hin zum F\u00fchrerschein, f\u00fchlt man sich wohl und es wird kein Druck ausge\u00fcbt.\nIn der Theorie kriegt man die Themen sehr gut erkl\u00e4rt und sollte man es nicht verstehen, wird sich die Zeit genommen bis derjenige es verstanden hat. \nDa bei der Theorie eine lockere Stimmung herrscht, braucht man keine Angst haben etwas falsches zu sagen.\nWeiter bei der Praxis wird einem sofort die Angst genommen, durch die freundliche Art der Fahrlehrer. Bei den Fahrstunden kriegt man alles nochmal erkl\u00e4rt und auch Fragen sind sehr gerne gesehen. W\u00e4hrend den Fahrstunden besteht eine lockere Stimmung und man freut sich auf jede weitere Stunde.<\/p>\n\t\t\t\t\t\t\t\t\t\t\t\t<p>\n\t\t\t\t\t\t\t\t\t\t<span class=\"author\"> - <span class=\"content_typography\">Marie K.<\/span> <\/span>\n\t\t\t\t\t\t\t\t\t<\/p>\n\t\t\t\t\t\t\t\t\t\t<\/a>\n\t\t\t\t\t\t\t\t<\/div>\n\t\t\t\t\t\t\t\t<div class=\"item\">\n\t\t\t\t\t\t\t\t\t\t<a class=\"\n\t\t\ttestimonials-box-02\t\t\t\t\t\t\t\t\t\t\" >\n\t\t\t\t\t\t\t\t\t\t\t\t<div class=\"tt-icon\">\n\t\t\t\t\t\t\t\t\t\t<div class=\"tt-bg\"><\/div>\n\t\t\t\t\t\t\t\t\t<\/div>\n\t\t\t\t\t\t\t\t\t\t\t<div class=\"rating rating-5\">\n\t\t\t<i class=\"icon-star-black-fivepointed-shape\"><\/i><i class=\"icon-star-black-fivepointed-shape\"><\/i><i class=\"icon-star-black-fivepointed-shape\"><\/i><i class=\"icon-star-black-fivepointed-shape\"><\/i><i class=\"icon-star-black-fivepointed-shape\"><\/i>\t\t\t\t\t\t\t\t<\/div>\n\t\t\t\t\t\t\t\t<p>Die Fahrschule R\u00e4de, zeigt eine sehr ausgepr\u00e4gte Fachkompetenz im Themen Bereich Verkehrs Ausbildung.  Unabh\u00e4ngig von der Wahl der F\u00fchrerscheinstufe, hat man immer ein Gef\u00fchl gut aufgehoben zu sein. Das liegt sowohl an der kompetenz der Lehrer als auch an den Charaktereigenschaften eben dieser die sich auf eine sehr humane und gleichstellende weise mit dem Fahrsch\u00fcler\/innen befassen. Man kann Ihnen au\u00dferdem hoch anrechnen das sie stets zur Verf\u00fcgung stehen. Mit n\u00f6tigen Respekt und Anstand gefragt, bekommt man nahezu immer und zu jeder Zeit eine Fachgerechte Hilfestellung. AUs eigener Erfahrung kann ich zus\u00e4tzlich sagen das ich nie ein Gef\u00fchl der mangelnden Vorbereitung hatte. Weder bei der Theorie,- noch bei der Praxispr\u00fcfung. <\/p>\n\t\t\t\t\t\t\t\t\t\t\t\t<p>\n\t\t\t\t\t\t\t\t\t\t<span class=\"author\"> - <span class=\"content_typography\">Samantha H.<\/span> <\/span>\n\t\t\t\t\t\t\t\t\t<\/p>\n\t\t\t\t\t\t\t\t\t\t<\/a>\n\t\t\t\t\t\t\t\t<\/div>\n\t\t\t\t\t\t\t\t<div class=\"item\">\n\t\t\t\t\t\t\t\t\t\t<a class=\"\n\t\t\ttestimonials-box-02\t\t\t\t\t\t\t\t\t\t\" >\n\t\t\t\t\t\t\t\t\t\t\t\t<div class=\"tt-icon\">\n\t\t\t\t\t\t\t\t\t\t<div class=\"tt-bg\"><\/div>\n\t\t\t\t\t\t\t\t\t<\/div>\n\t\t\t\t\t\t\t\t\t\t\t<div class=\"rating rating-5\">\n\t\t\t<i class=\"icon-star-black-fivepointed-shape\"><\/i><i class=\"icon-star-black-fivepointed-shape\"><\/i><i class=\"icon-star-black-fivepointed-shape\"><\/i><i class=\"icon-star-black-fivepointed-shape\"><\/i><i class=\"icon-star-black-fivepointed-shape\"><\/i>\t\t\t\t\t\t\t\t<\/div>\n\t\t\t\t\t\t\t\t<p>Sehr Professionelle und freundliche Fahrlehrer. Die Theorier\u00e4ume sind ordentlich und gepflegt mit gen\u00fcgend Platz f\u00fcr eine gute Menge an Sch\u00fclern. Es wird sehr drauf geachtet, die Sch\u00fcler im Theorie Unterricht mit einzubinden. Dabei wird aufgepasst das keiner zu kurz kommt. Die Autos sind auf dem neusten Stand und ebenfalls in einer sehr guten Qualit\u00e4t. Man merkt, dass die Fahrlehrer und das Personal ihren Job sehr gerne aus\u00fcben und eine \u00fcber Jahre angesammelte Erfahrung zu Verf\u00fcgung stehen haben. Der Lehrstoff der einem in Theorie so wie auch in den Praxis Stunden zugef\u00fchrt wird, bleibt durch die ausf\u00fchrliche Hilfestellung bei Bedarf selbst noch weit nach den Pr\u00fcfungen h\u00e4ngen und man hat nicht das Gef\u00fchl wirklich lernen zu m\u00fcssen.<\/p>\n\t\t\t\t\t\t\t\t\t\t\t\t<p>\n\t\t\t\t\t\t\t\t\t\t<span class=\"author\"> - <span class=\"content_typography\">Max B.<\/span> <\/span>\n\t\t\t\t\t\t\t\t\t<\/p>\n\t\t\t\t\t\t\t\t\t\t<\/a>\n\t\t\t\t\t\t\t\t<\/div>\n\t\t\t\t\t\t\t<\/div>\n\t\t\t\t\n\t\t\t\t<!-- Div Closing Postion -->\n\t\t\t\t<\/div>\n\t\t\t\t\t\t<!-- Div Closing Postion -->\n\t\t\t\t<\/div>\n\t\t\t\t<\/div>\n\t\t\t\t\t<\/div>\n\t\t<\/div>\n\t\t\t\t\t<\/div>\n\t\t<\/section>\n\t\t\t\t<section class=\"elementor-section elementor-top-section elementor-element elementor-element-6c63e70 elementor-section-stretched elementor-section-full_width elementor-section-height-default elementor-section-height-default\" data-id=\"6c63e70\" data-element_type=\"section\" data-settings=\"{&quot;stretch_section&quot;:&quot;section-stretched&quot;}\">\n\t\t\t\t\t\t<div class=\"elementor-container elementor-column-gap-no\">\n\t\t\t\t\t<div class=\"elementor-column elementor-col-100 elementor-top-column elementor-element elementor-element-45b4587\" data-id=\"45b4587\" data-element_type=\"column\">\n\t\t\t<div class=\"elementor-widget-wrap\">\n\t\t\t\t\t\t\t<\/div>\n\t\t<\/div>\n\t\t\t\t\t<\/div>\n\t\t<\/section>\n\t\t\t\t<\/div>\n\t\t","protected":false},"excerpt":{"rendered":"<p>Das sagen unsere Fahrsch\u00fcler&#8230; Lese ein paar Kommentare unserer Fahrsch\u00fcler um dich selber zu \u00fcberzeugen! In der Fahrschule R\u00e4de habe ich pers\u00f6nlich meinen F\u00fchrerschein mit bravour bestanden. Durch die M\u00f6glichkeit im Theorieunterricht Fragen zu stellen konnten sich viele Probleme von alleine L\u00f6sen. Durch eine Top Vorbereitung habe ich sowohl meine Theoretische als auch meine praktischen [&hellip;]<\/p>\n","protected":false},"author":3,"featured_media":0,"parent":0,"menu_order":0,"comment_status":"closed","ping_status":"closed","template":"","meta":{"footnotes":""},"yoast_head":"<!-- This site is optimized with the Yoast SEO plugin v22.6 - https:\/\/yoast.com\/wordpress\/plugins\/seo\/ -->\n<title>Testimonials - Fahrschule R\u00e4de<\/title>\n<meta name=\"robots\" content=\"index, follow, max-snippet:-1, max-image-preview:large, max-video-preview:-1\" \/>\n<link rel=\"canonical\" href=\"https:\/\/fahrschule-raede.de\/?page_id=51\" \/>\n<meta property=\"og:locale\" content=\"de_DE\" \/>\n<meta property=\"og:type\" content=\"article\" \/>\n<meta property=\"og:title\" content=\"Testimonials - Fahrschule R\u00e4de\" \/>\n<meta property=\"og:description\" content=\"Das sagen unsere Fahrsch\u00fcler&#8230; Lese ein paar Kommentare unserer Fahrsch\u00fcler um dich selber zu \u00fcberzeugen! In der Fahrschule R\u00e4de habe ich pers\u00f6nlich meinen F\u00fchrerschein mit bravour bestanden. Durch die M\u00f6glichkeit im Theorieunterricht Fragen zu stellen konnten sich viele Probleme von alleine L\u00f6sen. Durch eine Top Vorbereitung habe ich sowohl meine Theoretische als auch meine praktischen [&hellip;]\" \/>\n<meta property=\"og:url\" content=\"https:\/\/fahrschule-raede.de\/?page_id=51\" \/>\n<meta property=\"og:site_name\" content=\"Fahrschule R\u00e4de\" \/>\n<meta property=\"article:modified_time\" content=\"2020-07-31T06:10:33+00:00\" \/>\n<meta name=\"twitter:card\" content=\"summary_large_image\" \/>\n<meta name=\"twitter:label1\" content=\"Gesch\u00e4tzte Lesezeit\" \/>\n\t<meta name=\"twitter:data1\" content=\"4\u00a0Minuten\" \/>\n<script type=\"application\/ld+json\" class=\"yoast-schema-graph\">{\"@context\":\"https:\/\/schema.org\",\"@graph\":[{\"@type\":\"WebPage\",\"@id\":\"https:\/\/fahrschule-raede.de\/?page_id=51\",\"url\":\"https:\/\/fahrschule-raede.de\/?page_id=51\",\"name\":\"Testimonials - Fahrschule R\u00e4de\",\"isPartOf\":{\"@id\":\"https:\/\/fahrschule-raede.de\/#website\"},\"datePublished\":\"2017-10-14T09:10:21+00:00\",\"dateModified\":\"2020-07-31T06:10:33+00:00\",\"breadcrumb\":{\"@id\":\"https:\/\/fahrschule-raede.de\/?page_id=51#breadcrumb\"},\"inLanguage\":\"de\",\"potentialAction\":[{\"@type\":\"ReadAction\",\"target\":[\"https:\/\/fahrschule-raede.de\/?page_id=51\"]}]},{\"@type\":\"BreadcrumbList\",\"@id\":\"https:\/\/fahrschule-raede.de\/?page_id=51#breadcrumb\",\"itemListElement\":[{\"@type\":\"ListItem\",\"position\":1,\"name\":\"Home\",\"item\":\"https:\/\/fahrschule-raede.de\/\"},{\"@type\":\"ListItem\",\"position\":2,\"name\":\"Testimonials\"}]},{\"@type\":\"WebSite\",\"@id\":\"https:\/\/fahrschule-raede.de\/#website\",\"url\":\"https:\/\/fahrschule-raede.de\/\",\"name\":\"Fahrschule R\u00e4de\",\"description\":\"Just another WordPress site\",\"potentialAction\":[{\"@type\":\"SearchAction\",\"target\":{\"@type\":\"EntryPoint\",\"urlTemplate\":\"https:\/\/fahrschule-raede.de\/?s={search_term_string}\"},\"query-input\":\"required name=search_term_string\"}],\"inLanguage\":\"de\"}]}<\/script>\n<!-- \/ Yoast SEO plugin. -->","yoast_head_json":{"title":"Testimonials - Fahrschule R\u00e4de","robots":{"index":"index","follow":"follow","max-snippet":"max-snippet:-1","max-image-preview":"max-image-preview:large","max-video-preview":"max-video-preview:-1"},"canonical":"https:\/\/fahrschule-raede.de\/?page_id=51","og_locale":"de_DE","og_type":"article","og_title":"Testimonials - Fahrschule R\u00e4de","og_description":"Das sagen unsere Fahrsch\u00fcler&#8230; Lese ein paar Kommentare unserer Fahrsch\u00fcler um dich selber zu \u00fcberzeugen! In der Fahrschule R\u00e4de habe ich pers\u00f6nlich meinen F\u00fchrerschein mit bravour bestanden. Durch die M\u00f6glichkeit im Theorieunterricht Fragen zu stellen konnten sich viele Probleme von alleine L\u00f6sen. Durch eine Top Vorbereitung habe ich sowohl meine Theoretische als auch meine praktischen [&hellip;]","og_url":"https:\/\/fahrschule-raede.de\/?page_id=51","og_site_name":"Fahrschule R\u00e4de","article_modified_time":"2020-07-31T06:10:33+00:00","twitter_card":"summary_large_image","twitter_misc":{"Gesch\u00e4tzte Lesezeit":"4\u00a0Minuten"},"schema":{"@context":"https:\/\/schema.org","@graph":[{"@type":"WebPage","@id":"https:\/\/fahrschule-raede.de\/?page_id=51","url":"https:\/\/fahrschule-raede.de\/?page_id=51","name":"Testimonials - Fahrschule R\u00e4de","isPartOf":{"@id":"https:\/\/fahrschule-raede.de\/#website"},"datePublished":"2017-10-14T09:10:21+00:00","dateModified":"2020-07-31T06:10:33+00:00","breadcrumb":{"@id":"https:\/\/fahrschule-raede.de\/?page_id=51#breadcrumb"},"inLanguage":"de","potentialAction":[{"@type":"ReadAction","target":["https:\/\/fahrschule-raede.de\/?page_id=51"]}]},{"@type":"BreadcrumbList","@id":"https:\/\/fahrschule-raede.de\/?page_id=51#breadcrumb","itemListElement":[{"@type":"ListItem","position":1,"name":"Home","item":"https:\/\/fahrschule-raede.de\/"},{"@type":"ListItem","position":2,"name":"Testimonials"}]},{"@type":"WebSite","@id":"https:\/\/fahrschule-raede.de\/#website","url":"https:\/\/fahrschule-raede.de\/","name":"Fahrschule R\u00e4de","description":"Just another WordPress site","potentialAction":[{"@type":"SearchAction","target":{"@type":"EntryPoint","urlTemplate":"https:\/\/fahrschule-raede.de\/?s={search_term_string}"},"query-input":"required name=search_term_string"}],"inLanguage":"de"}]}},"_links":{"self":[{"href":"https:\/\/fahrschule-raede.de\/index.php?rest_route=\/wp\/v2\/pages\/51"}],"collection":[{"href":"https:\/\/fahrschule-raede.de\/index.php?rest_route=\/wp\/v2\/pages"}],"about":[{"href":"https:\/\/fahrschule-raede.de\/index.php?rest_route=\/wp\/v2\/types\/page"}],"author":[{"embeddable":true,"href":"https:\/\/fahrschule-raede.de\/index.php?rest_route=\/wp\/v2\/users\/3"}],"replies":[{"embeddable":true,"href":"https:\/\/fahrschule-raede.de\/index.php?rest_route=%2Fwp%2Fv2%2Fcomments&post=51"}],"version-history":[{"count":7,"href":"https:\/\/fahrschule-raede.de\/index.php?rest_route=\/wp\/v2\/pages\/51\/revisions"}],"predecessor-version":[{"id":2159,"href":"https:\/\/fahrschule-raede.de\/index.php?rest_route=\/wp\/v2\/pages\/51\/revisions\/2159"}],"wp:attachment":[{"href":"https:\/\/fahrschule-raede.de\/index.php?rest_route=%2Fwp%2Fv2%2Fmedia&parent=51"}],"curies":[{"name":"wp","href":"https:\/\/api.w.org\/{rel}","templated":true}]}}